{"id":1580,"date":"2026-03-24T09:40:20","date_gmt":"2026-03-24T08:40:20","guid":{"rendered":"https:\/\/tibap.fr\/?page_id=1580"},"modified":"2026-03-24T09:43:34","modified_gmt":"2026-03-24T08:43:34","slug":"le-reglement-au-tibap","status":"publish","type":"page","link":"https:\/\/tibap.fr\/index.php\/le-reglement-au-tibap\/","title":{"rendered":"Le r\u00e8glement au TIBAP"},"content":{"rendered":"\n<h2 class=\"wp-block-heading\"><strong>Les valeurs du TIBAP : dans le respect des r\u00e8gles du basketball<\/strong><\/h2>\n\n\n\n<p>Le basketball est un sport encadr\u00e9 par des r\u00e8gles pr\u00e9cises qui garantissent le bon d\u00e9roulement du jeu et le respect entre tous les acteurs. Parmi les r\u00e8gles essentielles, on retrouve l\u2019interdiction des contacts violents (fautes), le respect des d\u00e9cisions arbitrales, le respect des adversaires et des co\u00e9quipiers, ainsi que le fair-play tout au long de la rencontre. Chaque joueur doit \u00e9galement respecter les r\u00e8gles de jeu comme le dribble, les d\u00e9placements (marcher), ou encore le temps de possession.<\/p>\n\n\n\n<p>Au TIBAP, ces r\u00e8gles fondamentales sont au c\u0153ur de l\u2019\u00e9v\u00e9nement et vont bien au-del\u00e0 du terrain. Elles s\u2019inscrivent dans une volont\u00e9 de transmettre des valeurs fortes \u00e0 tous les participants.<\/p>\n\n\n\n<h3 class=\"wp-block-heading\"><strong>\ud83e\udd1d Solidarit\u00e9 et D\u00e9veloppement durable<\/strong><\/h3>\n\n\n\n<p>Comme dans le basketball o\u00f9 l\u2019entraide entre co\u00e9quipiers est essentielle pour progresser et gagner, le TIBAP valorise la solidarit\u00e9 sous toutes ses formes.<\/p>\n\n\n\n<p>\u00c0 travers \u00ab La Brigade verte \u00bb, une commission d\u00e9di\u00e9e, le tournoi s\u2019engage dans une d\u00e9marche de d\u00e9veloppement durable. Cette initiative vise \u00e0 sensibiliser chacun \u00e0 adopter des comportements responsables, dans le respect de l\u2019environnement et du collectif.<\/p>\n\n\n\n<h3 class=\"wp-block-heading\"><strong>\ud83c\udfc0 Fair-play et Lutte contre les incivilit\u00e9s<\/strong><\/h3>\n\n\n\n<p>Le respect est une r\u00e8gle fondamentale du basketball. Au TIBAP, il s\u2019applique aussi bien sur le terrain qu\u2019en dehors.<\/p>\n\n\n\n<p>En partenariat avec Pluguffan Basket, une campagne de sensibilisation a \u00e9t\u00e9 mise en place :<\/p>\n\n\n\n<ul class=\"wp-block-list\">\n<li>\u00ab Un supporter ou insupportable \u00bb<\/li>\n\n\n\n<li>\u00ab Une diff\u00e9rence ou un diff\u00e9rend \u00bb<\/li>\n<\/ul>\n\n\n\n<p>Ces actions ont pour objectif de lutter contre les incivilit\u00e9s et de rappeler que chacun \u2014 joueurs, arbitres et supporters \u2014 doit adopter un comportement exemplaire.<\/p>\n\n\n\n<h3 class=\"wp-block-heading\"><strong>\ud83c\udf0d Int\u00e9gration et esprit d\u2019\u00e9quipe<\/strong><\/h3>\n\n\n\n<p>Le basketball est un sport collectif o\u00f9 la communication, la coh\u00e9sion et le respect des r\u00e8gles sont indispensables.<\/p>\n\n\n\n<p>Au TIBAP, ces valeurs sont transmises d\u00e8s le plus jeune \u00e2ge. Les joueurs apprennent \u00e0 soutenir leurs co\u00e9quipiers, \u00e0 respecter les autres, \u00e0 travailler ensemble et \u00e0 communiquer efficacement.<\/p>\n\n\n\n<p>Le tournoi devient ainsi un v\u00e9ritable lieu d\u2019int\u00e9gration, o\u00f9 chacun peut s\u2019\u00e9panouir, progresser et construire des relations positives pour l\u2019avenir.<\/p>\n\n\n\n<p><\/p>\n","protected":false},"excerpt":{"rendered":"<p>Les valeurs du TIBAP : dans le respect des r\u00e8gles du basketball Le basketball est un sport encadr\u00e9 par des r\u00e8gles pr\u00e9cises qui garantissent le bon d\u00e9roulement du jeu et le respect entre tous les acteurs. Parmi les r\u00e8gles essentielles, on retrouve l\u2019interdiction des contacts violents (fautes), le respect des d\u00e9cisions arbitrales, le respect des adversaires et des co\u00e9quipiers, ainsi que le fair-play tout au long de la rencontre. Chaque joueur doit \u00e9galement respecter les r\u00e8gles de jeu comme le dribble, les d\u00e9placements (marcher), ou encore le temps de possession. Au TIBAP, ces r\u00e8gles fondamentales sont au c\u0153ur de l\u2019\u00e9v\u00e9nement et vont bien au-del\u00e0 du terrain. Elles s\u2019inscrivent dans une volont\u00e9 de transmettre des valeurs fortes \u00e0 tous les participants. \ud83e\udd1d Solidarit\u00e9 et D\u00e9veloppement durable Comme dans le basketball o\u00f9 l\u2019entraide entre co\u00e9quipiers est essentielle pour progresser et gagner, le TIBAP valorise la solidarit\u00e9 sous toutes ses formes. \u00c0 travers \u00ab La Brigade verte \u00bb, une commission d\u00e9di\u00e9e, le tournoi s\u2019engage dans une d\u00e9marche de d\u00e9veloppement durable. Cette initiative vise \u00e0 sensibiliser chacun \u00e0 adopter des comportements responsables, dans le respect de l\u2019environnement et du collectif. \ud83c\udfc0 Fair-play et Lutte contre les incivilit\u00e9s Le respect est une r\u00e8gle fondamentale du basketball. Au TIBAP, il s\u2019applique aussi bien sur le terrain qu\u2019en dehors. En partenariat avec Pluguffan Basket, une campagne de sensibilisation a \u00e9t\u00e9 mise en place : Ces actions ont pour objectif de lutter contre les incivilit\u00e9s et de rappeler que chacun \u2014 joueurs, arbitres et supporters \u2014 doit adopter un comportement exemplaire. \ud83c\udf0d Int\u00e9gration et esprit d\u2019\u00e9quipe Le basketball est un sport collectif o\u00f9 la communication, la coh\u00e9sion et le respect des r\u00e8gles sont indispensables. Au TIBAP, ces valeurs sont transmises d\u00e8s le plus jeune \u00e2ge. Les joueurs apprennent \u00e0 soutenir leurs co\u00e9quipiers, \u00e0 respecter les autres, \u00e0 travailler ensemble et \u00e0 communiquer efficacement. Le tournoi devient ainsi un v\u00e9ritable lieu d\u2019int\u00e9gration, o\u00f9 chacun peut s\u2019\u00e9panouir, progresser et construire des relations positives pour l\u2019avenir.<\/p>\n","protected":false},"author":8,"featured_media":1585,"parent":0,"menu_order":0,"comment_status":"closed","ping_status":"closed","template":"","meta":{"_uag_custom_page_level_css":"","footnotes":""},"class_list":["post-1580","page","type-page","status-publish","has-post-thumbnail","hentry"],"uagb_featured_image_src":{"full":["https:\/\/tibap.fr\/wp-content\/uploads\/2026\/03\/Capture-decran-2026-03-24-094314.png",801,817,false],"thumbnail":["https:\/\/tibap.fr\/wp-content\/uploads\/2026\/03\/Capture-decran-2026-03-24-094314-150x150.png",150,150,true],"medium":["https:\/\/tibap.fr\/wp-content\/uploads\/2026\/03\/Capture-decran-2026-03-24-094314-294x300.png",294,300,true],"medium_large":["https:\/\/tibap.fr\/wp-content\/uploads\/2026\/03\/Capture-decran-2026-03-24-094314-768x783.png",768,783,true],"large":["https:\/\/tibap.fr\/wp-content\/uploads\/2026\/03\/Capture-decran-2026-03-24-094314.png",801,817,false],"1536x1536":["https:\/\/tibap.fr\/wp-content\/uploads\/2026\/03\/Capture-decran-2026-03-24-094314.png",801,817,false],"2048x2048":["https:\/\/tibap.fr\/wp-content\/uploads\/2026\/03\/Capture-decran-2026-03-24-094314.png",801,817,false],"ashe-slider-full-thumbnail":["https:\/\/tibap.fr\/wp-content\/uploads\/2026\/03\/Capture-decran-2026-03-24-094314-801x540.png",801,540,true],"ashe-full-thumbnail":["https:\/\/tibap.fr\/wp-content\/uploads\/2026\/03\/Capture-decran-2026-03-24-094314.png",801,817,false],"ashe-list-thumbnail":["https:\/\/tibap.fr\/wp-content\/uploads\/2026\/03\/Capture-decran-2026-03-24-094314-300x300.png",300,300,true],"ashe-grid-thumbnail":["https:\/\/tibap.fr\/wp-content\/uploads\/2026\/03\/Capture-decran-2026-03-24-094314-500x330.png",500,330,true],"ashe-single-navigation":["https:\/\/tibap.fr\/wp-content\/uploads\/2026\/03\/Capture-decran-2026-03-24-094314-75x75.png",75,75,true]},"uagb_author_info":{"display_name":"ewan","author_link":"https:\/\/tibap.fr\/index.php\/author\/ewan\/"},"uagb_comment_info":0,"uagb_excerpt":"Les valeurs du TIBAP : dans le respect des r\u00e8gles du basketball Le basketball est un sport encadr\u00e9 par des r\u00e8gles pr\u00e9cises qui garantissent le bon d\u00e9roulement du jeu et le respect entre tous les acteurs. Parmi les r\u00e8gles essentielles, on retrouve l\u2019interdiction des contacts violents (fautes), le respect des d\u00e9cisions arbitrales, le respect des\u2026","_links":{"self":[{"href":"https:\/\/tibap.fr\/index.php\/wp-json\/wp\/v2\/pages\/1580","targetHints":{"allow":["GET"]}}],"collection":[{"href":"https:\/\/tibap.fr\/index.php\/wp-json\/wp\/v2\/pages"}],"about":[{"href":"https:\/\/tibap.fr\/index.php\/wp-json\/wp\/v2\/types\/page"}],"author":[{"embeddable":true,"href":"https:\/\/tibap.fr\/index.php\/wp-json\/wp\/v2\/users\/8"}],"replies":[{"embeddable":true,"href":"https:\/\/tibap.fr\/index.php\/wp-json\/wp\/v2\/comments?post=1580"}],"version-history":[{"count":2,"href":"https:\/\/tibap.fr\/index.php\/wp-json\/wp\/v2\/pages\/1580\/revisions"}],"predecessor-version":[{"id":1584,"href":"https:\/\/tibap.fr\/index.php\/wp-json\/wp\/v2\/pages\/1580\/revisions\/1584"}],"wp:featuredmedia":[{"embeddable":true,"href":"https:\/\/tibap.fr\/index.php\/wp-json\/wp\/v2\/media\/1585"}],"wp:attachment":[{"href":"https:\/\/tibap.fr\/index.php\/wp-json\/wp\/v2\/media?parent=1580"}],"curies":[{"name":"wp","href":"https:\/\/api.w.org\/{rel}","templated":true}]}}